{"id":146,"date":"2018-06-05T14:41:14","date_gmt":"2018-06-05T12:41:14","guid":{"rendered":"http:\/\/www.isovital.fr\/mentions-legales\/"},"modified":"2025-08-06T10:44:39","modified_gmt":"2025-08-06T08:44:39","slug":"legals-informations","status":"publish","type":"page","link":"https:\/\/www.isovital.fr\/en\/legals-informations\/","title":{"rendered":"Legals informations"},"content":{"rendered":"<p class=\"p1\"><span class=\"s1\"><b>Editor of website<\/b><\/span><\/p>\n<p class=\"p1\">Eurasant\u00e9 park de l&#8217;Epi de Soil<br \/>\nGal\u00e9nis Building<br \/>\n85 Bis Rue Nelson Mandela<br \/>\n59120 Loos<\/p>\n<p>T\u00e9l. 03 20 16 02 40<br \/>\ncontact@isovital.fr<\/p>\n<p class=\"p1\"><span class=\"s1\">SIRET : 481 334 522 00010<\/span><\/p>\n<p class=\"p1\"><strong>Publication director<\/strong><\/p>\n<p class=\"p1\"><span class=\"s1\">Philippe Sueur<\/span><\/p>\n<p class=\"p1\"><strong>Conception and realization of the site:<\/strong><\/p>\n<p class=\"p3\"><a href=\"http:\/\/m-n.fr\/\" target=\"_blank\" rel=\"noopener\"><img loading=\"lazy\" decoding=\"async\" class=\"alignnone wp-image-154 size-medium\" src=\"http:\/\/www.isovital.fr\/wp-content\/uploads\/2018\/06\/logo-mn-250x65.png\" alt=\"\" width=\"250\" height=\"65\" srcset=\"https:\/\/www.isovital.fr\/wp-content\/uploads\/2018\/06\/logo-mn-250x65.png 250w, https:\/\/www.isovital.fr\/wp-content\/uploads\/2018\/06\/logo-mn-768x200.png 768w, https:\/\/www.isovital.fr\/wp-content\/uploads\/2018\/06\/logo-mn-700x182.png 700w, https:\/\/www.isovital.fr\/wp-content\/uploads\/2018\/06\/logo-mn-120x31.png 120w, https:\/\/www.isovital.fr\/wp-content\/uploads\/2018\/06\/logo-mn.png 826w\" sizes=\"auto, (max-width: 250px) 100vw, 250px\" \/><\/a><\/p>\n<p class=\"p1\"><strong>Host<\/strong><\/p>\n<p class=\"p1\">OVH\u00a0&#8211; 2 rue Kellermann &#8211; 59100 Roubaix<\/p>\n<h3 class=\"p1\">Privacy Policy<\/h3>\n<p class=\"p1\">The site www.isovital.fr uses cookies that allow the following features: Google Analytics tag. If your browser allows it, you can disable these cookies at any time. However, we inform you that such deactivation could limit your user experience by preventing the proper functioning of certain services.<\/p>\n<h3 class=\"p1\">Site Content and Intellectual Property<\/h3>\n<p class=\"p1\">Informations provided on www.isovital.fr are for information purposes.<br \/>\nThe site www.isovital.fr can not guarantee the accuracy, completeness, timeliness of information on the site. Informations on this site may contain technical inaccuracies or typographical errors. This information may be periodically modified and the changes will be incorporated into new editions. &#8220;The website www.isovital.com may, at any time, without notice, make improvements or changes to the products, programs or services described on this website. site.<\/p>\n<p>Any reproduction, representation, modification, publication, transmission, denaturing, total or partial of the site or its contents, by any means whatsoever, and on any medium whatsoever is forbidden.<br \/>\nAny unauthorized exploitation of the site or its content, information disclosed therein would incur the responsibility of the user and constitute an infringement punishable by articles L 335-2 and following of the Intellectual Property Code. This is the same for the databases listed, the case www.isovital.fr, which are protected by the provisions of the law of 1 July 1998 transposing into the Intellectual Property Code the European Directive of 11 March 1996 on the legal protection of databases. As such, any reproduction or extraction would engage the responsibility of the user.<\/p>\n<p>The site www.isovital.fr gives access to other sites via hypertext links. Since Life Couriers is not the manager of these sites, it can not control the content. As a result, Life Couriers can not be held responsible for the content of the sites thus accessible, or any collection and transmission of personal data, installation of cookies or any other process for the same purposes, carried out by these sites.<\/p>\n<h3 class=\"p1\">Photo credits<\/h3>\n<p class=\"p1\">Life Couriers<\/p>\n<p class=\"p1\"><span class=\"s1\">Shutterstock<\/span><\/p>\n","protected":false},"excerpt":{"rendered":"Editor of website Eurasant\u00e9 park de l&#8217;Epi de Soil Gal\u00e9nis Building 85 Bis Rue Nelson Mandela 59120 Loos T\u00e9l. 03 20 16 02 40 contact@isovital.fr SIRET : 481 334 522 00010 Publication director Philippe Sueur Conception and realization of the site: Host OVH\u00a0&#8211; 2 rue Kellermann &#8211; 59100 Roubaix Privacy Policy The site www.isovital.fr uses&#8230; <a class=\"view-article\" href=\"https:\/\/www.isovital.fr\/en\/legals-informations\/\">View Article<\/a>","protected":false},"author":1,"featured_media":0,"parent":0,"menu_order":0,"comment_status":"closed","ping_status":"closed","template":"","meta":{"footnotes":""},"class_list":["post-146","page","type-page","status-publish","hentry"],"_links":{"self":[{"href":"https:\/\/www.isovital.fr\/en\/wp-json\/wp\/v2\/pages\/146","targetHints":{"allow":["GET"]}}],"collection":[{"href":"https:\/\/www.isovital.fr\/en\/wp-json\/wp\/v2\/pages"}],"about":[{"href":"https:\/\/www.isovital.fr\/en\/wp-json\/wp\/v2\/types\/page"}],"author":[{"embeddable":true,"href":"https:\/\/www.isovital.fr\/en\/wp-json\/wp\/v2\/users\/1"}],"replies":[{"embeddable":true,"href":"https:\/\/www.isovital.fr\/en\/wp-json\/wp\/v2\/comments?post=146"}],"version-history":[{"count":11,"href":"https:\/\/www.isovital.fr\/en\/wp-json\/wp\/v2\/pages\/146\/revisions"}],"predecessor-version":[{"id":583,"href":"https:\/\/www.isovital.fr\/en\/wp-json\/wp\/v2\/pages\/146\/revisions\/583"}],"wp:attachment":[{"href":"https:\/\/www.isovital.fr\/en\/wp-json\/wp\/v2\/media?parent=146"}],"curies":[{"name":"wp","href":"https:\/\/api.w.org\/{rel}","templated":true}]}}